{"id":1702,"date":"2024-07-12T08:17:39","date_gmt":"2024-07-12T06:17:39","guid":{"rendered":"https:\/\/www.securipro-int.fr\/event-security\/"},"modified":"2026-01-05T14:29:15","modified_gmt":"2026-01-05T13:29:15","slug":"event-security","status":"publish","type":"page","link":"https:\/\/www.securipro-int.fr\/en\/event-security\/","title":{"rendered":"Event security"},"content":{"rendered":"\t\t<div data-elementor-type=\"wp-page\" data-elementor-id=\"1702\" class=\"elementor elementor-1702 elementor-22\" data-elementor-post-type=\"page\">\n\t\t\t\t<div class=\"elementor-element elementor-element-fd3542a e-flex e-con-boxed e-con e-parent\" data-id=\"fd3542a\" data-element_type=\"container\" data-e-type=\"container\">\n\t\t\t\t\t<div class=\"e-con-inner\">\n\t\t\t\t<div class=\"elementor-element elementor-element-2ba673c elementor-widget elementor-widget-breadcrumbs\" data-id=\"2ba673c\" data-element_type=\"widget\" data-e-type=\"widget\" data-widget_type=\"breadcrumbs.default\">\n\t\t\t\t<div class=\"elementor-widget-container\">\n\t\t\t\t\t<p id=\"breadcrumbs\"><span><span><a href=\"https:\/\/www.securipro-int.fr\/en\/home\/\">Accueil<\/a><\/span><\/span><\/p>\t\t\t\t<\/div>\n\t\t\t\t<\/div>\n\t\t\t\t\t<\/div>\n\t\t\t\t<\/div>\n\t\t<div class=\"elementor-element elementor-element-1000d37 e-flex e-con-boxed e-con e-parent\" data-id=\"1000d37\" data-element_type=\"container\" data-e-type=\"container\" data-settings=\"{&quot;background_background&quot;:&quot;gradient&quot;}\">\n\t\t\t\t\t<div class=\"e-con-inner\">\n\t\t\t\t<div class=\"elementor-element elementor-element-f8d6301 elementor-widget__width-initial elementor-widget-mobile__width-inherit elementor-widget elementor-widget-heading\" data-id=\"f8d6301\" data-element_type=\"widget\" data-e-type=\"widget\" data-widget_type=\"heading.default\">\n\t\t\t\t<div class=\"elementor-widget-container\">\n\t\t\t\t\t<p class=\"elementor-heading-title elementor-size-default\">EVENT SECURITY<\/p>\t\t\t\t<\/div>\n\t\t\t\t<\/div>\n\t\t\t\t\t<\/div>\n\t\t\t\t<\/div>\n\t\t<div class=\"elementor-element elementor-element-7a1fb12 e-flex e-con-boxed e-con e-parent\" data-id=\"7a1fb12\" data-element_type=\"container\" data-e-type=\"container\" data-settings=\"{&quot;background_background&quot;:&quot;classic&quot;}\">\n\t\t\t\t\t<div class=\"e-con-inner\">\n\t\t<div class=\"elementor-element elementor-element-aa6c545 e-con-full e-flex e-con e-child\" data-id=\"aa6c545\" data-element_type=\"container\" data-e-type=\"container\">\n\t\t\t\t<div class=\"elementor-element elementor-element-9b153d6 elementor-widget elementor-widget-heading\" data-id=\"9b153d6\" data-element_type=\"widget\" data-e-type=\"widget\" data-widget_type=\"heading.default\">\n\t\t\t\t<div class=\"elementor-widget-container\">\n\t\t\t\t\t<h1 class=\"elementor-heading-title elementor-size-default\">Event security by Securipro International<\/h1>\t\t\t\t<\/div>\n\t\t\t\t<\/div>\n\t\t\t\t<div class=\"elementor-element elementor-element-b55239a elementor-widget elementor-widget-text-editor\" data-id=\"b55239a\" data-element_type=\"widget\" data-e-type=\"widget\" data-widget_type=\"text-editor.default\">\n\t\t\t\t<div class=\"elementor-widget-container\">\n\t\t\t\t\t\t\t\t\t<p>Securipro International is a security company specializing in event security, based in the Paris region. For over 15 years, we have been providing highly professional services covering all major aspects of security: protection, control, site security, crowd management, etc. Our job is to secure large-scale events of all kinds and ensure risk prevention.  <\/p>\t\t\t\t\t\t\t\t<\/div>\n\t\t\t\t<\/div>\n\t\t\t\t<div class=\"elementor-element elementor-element-69eac09 elementor-widget elementor-widget-heading\" data-id=\"69eac09\" data-element_type=\"widget\" data-e-type=\"widget\" data-widget_type=\"heading.default\">\n\t\t\t\t<div class=\"elementor-widget-container\">\n\t\t\t\t\t<h2 class=\"elementor-heading-title elementor-size-default\">Security for all types of events<\/h2>\t\t\t\t<\/div>\n\t\t\t\t<\/div>\n\t\t\t\t<div class=\"elementor-element elementor-element-5128427 elementor-widget elementor-widget-text-editor\" data-id=\"5128427\" data-element_type=\"widget\" data-e-type=\"widget\" data-widget_type=\"text-editor.default\">\n\t\t\t\t<div class=\"elementor-widget-container\">\n\t\t\t\t\t\t\t\t\t<p>All major events and special receptions require security, which is essential to ensure that your gathering runs smoothly. It is therefore important not to choose your security provider lightly. <\/p><p>Events are particularly important and memorable moments for organizers. Designed for a targeted audience, they cover all areas: sports, networking, concerts, trade shows, art exhibitions, and television. <\/p><p>Designed to communicate with customers or staff for businesses, events of this type must attract as many people as possible over a variable period of time. This is why organizers must include security in their specifications in order to minimize threats. <\/p><p>The services required for the overall organization will vary depending on the location, the number of visitors expected, and other parameters. The assistance of our security agency and the provision of a quote will ensure that nothing is overlooked. <\/p><p><span style=\"color: #ff0000;\"><strong>\u201cDon&#8217;t take any risks, entrust your public events to a responsive, efficient team available 24\/7.\u201d<\/strong><\/span><\/p>\t\t\t\t\t\t\t\t<\/div>\n\t\t\t\t<\/div>\n\t\t\t\t<\/div>\n\t\t\t\t\t<\/div>\n\t\t\t\t<\/div>\n\t\t<div class=\"elementor-element elementor-element-e0eb3f6 e-flex e-con-boxed e-con e-parent\" data-id=\"e0eb3f6\" data-element_type=\"container\" data-e-type=\"container\">\n\t\t\t\t\t<div class=\"e-con-inner\">\n\t\t<div class=\"elementor-element elementor-element-1b09b35 e-con-full e-flex e-con e-child\" data-id=\"1b09b35\" data-element_type=\"container\" data-e-type=\"container\">\n\t\t\t\t<div class=\"elementor-element elementor-element-2ad18f2 elementor-widget elementor-widget-heading\" data-id=\"2ad18f2\" data-element_type=\"widget\" data-e-type=\"widget\" data-widget_type=\"heading.default\">\n\t\t\t\t<div class=\"elementor-widget-container\">\n\t\t\t\t\t<h3 class=\"elementor-heading-title elementor-size-default\">Concert stadiums, trade shows, exhibitions, and TV studios<\/h3>\t\t\t\t<\/div>\n\t\t\t\t<\/div>\n\t\t\t\t<div class=\"elementor-element elementor-element-338f0e5 elementor-widget elementor-widget-text-editor\" data-id=\"338f0e5\" data-element_type=\"widget\" data-e-type=\"widget\" data-widget_type=\"text-editor.default\">\n\t\t\t\t<div class=\"elementor-widget-container\">\n\t\t\t\t\t\t\t\t\t<p>Securipro International provides security services at major events where constant security is required.<\/p><p>Therefore, stadiums hosting concerts by major celebrities must be monitored at all times and at every entrance. Our staff will act in accordance with public building regulations and will know where the emergency equipment and exits are located, as well as the evacuation routes. <\/p><p>For a trade show, such as an auto show or national recruitment fair, it seems obvious that security guards should be hired for surveillance and security purposes. Indeed, the work of security guards will consist, among other things, of managing the flow of visitors, screening them, and responding to any unfortunate confrontations or crowd movements. <\/p><p>Our work also takes us to television studios. As a preferred partner of major French production companies, our security agency manages guests, audiences, and artists with the utmost discretion. Safety is ensured by a system that leaves nothing to chance.  <\/p>\t\t\t\t\t\t\t\t<\/div>\n\t\t\t\t<\/div>\n\t\t\t\t<div class=\"elementor-element elementor-element-d71f1b9 e-n-tabs-none elementor-widget elementor-widget-n-tabs\" data-id=\"d71f1b9\" data-element_type=\"widget\" data-e-type=\"widget\" data-settings=\"{&quot;tabs_justify_horizontal&quot;:&quot;start&quot;,&quot;horizontal_scroll&quot;:&quot;disable&quot;}\" data-widget_type=\"nested-tabs.default\">\n\t\t\t\t<div class=\"elementor-widget-container\">\n\t\t\t\t\t\t\t<div class=\"e-n-tabs\" data-widget-number=\"225571257\" aria-label=\"Tabs. Open items with Enter or Space, close with Escape and navigate using the Arrow keys.\">\n\t\t\t<div class=\"e-n-tabs-heading\" role=\"tablist\">\n\t\t\t\t\t<button id=\"e-n-tab-title-2255712571\" data-tab-title-id=\"e-n-tab-title-2255712571\" class=\"e-n-tab-title\" aria-selected=\"true\" data-tab-index=\"1\" role=\"tab\" tabindex=\"0\" aria-controls=\"e-n-tab-content-2255712571\" style=\"--n-tabs-title-order: 1;\">\n\t\t\t\t\t\t<span class=\"e-n-tab-title-text\">\n\t\t\t\tShow less\t\t\t<\/span>\n\t\t<\/button>\n\t\t\t\t<button id=\"e-n-tab-title-2255712572\" data-tab-title-id=\"e-n-tab-title-2255712572\" class=\"e-n-tab-title\" aria-selected=\"false\" data-tab-index=\"2\" role=\"tab\" tabindex=\"-1\" aria-controls=\"e-n-tab-content-2255712572\" style=\"--n-tabs-title-order: 2;\">\n\t\t\t\t\t\t<span class=\"e-n-tab-title-text\">\n\t\t\t\tShow more\t\t\t<\/span>\n\t\t<\/button>\n\t\t\t\t\t<\/div>\n\t\t\t<div class=\"e-n-tabs-content\">\n\t\t\t\t<div id=\"e-n-tab-content-2255712571\" role=\"tabpanel\" aria-labelledby=\"e-n-tab-title-2255712571\" data-tab-index=\"1\" style=\"--n-tabs-title-order: 1;\" class=\"e-active elementor-element elementor-element-5d7aaf7 e-con-full e-flex e-con e-child\" data-id=\"5d7aaf7\" data-element_type=\"container\" data-e-type=\"container\">\n\t\t\t\t<\/div>\n\t\t<div id=\"e-n-tab-content-2255712572\" role=\"tabpanel\" aria-labelledby=\"e-n-tab-title-2255712572\" data-tab-index=\"2\" style=\"--n-tabs-title-order: 2;\" class=\" elementor-element elementor-element-1049599 e-con-full e-flex e-con e-child\" data-id=\"1049599\" data-element_type=\"container\" data-e-type=\"container\">\n\t\t\t\t<div class=\"elementor-element elementor-element-1a71db6 elementor-widget elementor-widget-heading\" data-id=\"1a71db6\" data-element_type=\"widget\" data-e-type=\"widget\" data-widget_type=\"heading.default\">\n\t\t\t\t<div class=\"elementor-widget-container\">\n\t\t\t\t\t<h2 class=\"elementor-heading-title elementor-size-default\">Trained and qualified agents for your event security<\/h2>\t\t\t\t<\/div>\n\t\t\t\t<\/div>\n\t\t\t\t<div class=\"elementor-element elementor-element-a6ba960 elementor-widget elementor-widget-text-editor\" data-id=\"a6ba960\" data-element_type=\"widget\" data-e-type=\"widget\" data-widget_type=\"text-editor.default\">\n\t\t\t\t<div class=\"elementor-widget-container\">\n\t\t\t\t\t\t\t\t\t<p>Our private security company ensures the protection and security of your event with trained and qualified agents throughout France. They are certified to conduct pat-downs and bag searches, and are highly skilled in securing enclosed spaces such as stadiums and large venues. <\/p><p>Some have dog handler skills. Calling on a dog handler team is very effective and acts as a deterrent. <\/p><p>In addition, as part of fire safety measures, all security guards hold the Fire Safety and Personal Assistance Officer (SSIAP 1 or SSIAP 2) certification.<\/p><p>But it is not only our qualifications that will ensure the success of your seminars, meetings, or other symposiums. At Securipro International, professionalism is a requirement. Striving for excellence for our clients is a prerequisite for joining our team of security experts.  <\/p><p>To ensure that our services meet and exceed your expectations, we strive to ensure that our employees share the same goals of commitment and cohesion. The close relationship we maintain with our clients, based on listening to their needs, enables us to deliver high-quality work. <\/p>\t\t\t\t\t\t\t\t<\/div>\n\t\t\t\t<\/div>\n\t\t\t\t<div class=\"elementor-element elementor-element-08c4211 elementor-widget elementor-widget-heading\" data-id=\"08c4211\" data-element_type=\"widget\" data-e-type=\"widget\" data-widget_type=\"heading.default\">\n\t\t\t\t<div class=\"elementor-widget-container\">\n\t\t\t\t\t<h2 class=\"elementor-heading-title elementor-size-default\">Contact your S\u00e9curipro agency for your professional gatherings<\/h2>\t\t\t\t<\/div>\n\t\t\t\t<\/div>\n\t\t\t\t<div class=\"elementor-element elementor-element-d745bd4 elementor-widget elementor-widget-text-editor\" data-id=\"d745bd4\" data-element_type=\"widget\" data-e-type=\"widget\" data-widget_type=\"text-editor.default\">\n\t\t\t\t<div class=\"elementor-widget-container\">\n\t\t\t\t\t\t\t\t\t<p>To ensure your professional events are the most successful of the moment, contact us and send us your specifications. We will be delighted to provide you with a quote that precisely meets all your criteria. <\/p><p>Your event must remain etched in the memory of your customers or employees as an exceptional occasion. To ensure maximum security, delegate its management to Securipro International, your preferred security partner. You can rely on us to take care of the following tasks: security guard services, fire prevention, visitor control, and event logistics support.  <\/p><p>This will allow you to relax and enjoy your guests and visitors without worrying about the smooth running of your gathering.<\/p>\t\t\t\t\t\t\t\t<\/div>\n\t\t\t\t<\/div>\n\t\t\t\t<\/div>\n\t\t\t\t\t<\/div>\n\t\t<\/div>\n\t\t\t\t\t\t<\/div>\n\t\t\t\t<\/div>\n\t\t\t\t<\/div>\n\t\t\t\t\t<\/div>\n\t\t\t\t<\/div>\n\t\t<div class=\"elementor-element elementor-element-cfbe83b e-flex e-con-boxed e-con e-parent\" data-id=\"cfbe83b\" data-element_type=\"container\" data-e-type=\"container\" data-settings=\"{&quot;background_background&quot;:&quot;classic&quot;}\">\n\t\t\t\t\t<div class=\"e-con-inner\">\n\t\t\t\t<div class=\"elementor-element elementor-element-065987a elementor-widget elementor-widget-gallery\" data-id=\"065987a\" data-element_type=\"widget\" data-e-type=\"widget\" data-settings=\"{&quot;columns_mobile&quot;:2,&quot;gap&quot;:{&quot;unit&quot;:&quot;px&quot;,&quot;size&quot;:70,&quot;sizes&quot;:[]},&quot;aspect_ratio&quot;:&quot;21:9&quot;,&quot;lazyload&quot;:&quot;yes&quot;,&quot;gallery_layout&quot;:&quot;grid&quot;,&quot;columns&quot;:4,&quot;columns_tablet&quot;:2,&quot;gap_tablet&quot;:{&quot;unit&quot;:&quot;px&quot;,&quot;size&quot;:10,&quot;sizes&quot;:[]},&quot;gap_mobile&quot;:{&quot;unit&quot;:&quot;px&quot;,&quot;size&quot;:10,&quot;sizes&quot;:[]},&quot;overlay_background&quot;:&quot;yes&quot;,&quot;content_hover_animation&quot;:&quot;fade-in&quot;}\" data-widget_type=\"gallery.default\">\n\t\t\t\t<div class=\"elementor-widget-container\">\n\t\t\t\t\t\t\t<div class=\"elementor-gallery__container\">\n\t\t\t\t\t\t\t<div class=\"e-gallery-item elementor-gallery-item elementor-animated-content\">\n\t\t\t\t\t<div class=\"e-gallery-image elementor-gallery-item__image\" data-thumbnail=\"https:\/\/www.securipro-int.fr\/wp-content\/uploads\/2025\/04\/ICONE-EVENEMENT-DIVERS.png\" data-width=\"281\" data-height=\"133\" aria-label=\"S\u00e9curisation d&#039;\u00e9v\u00e9nements divers\" role=\"img\" ><\/div>\n\t\t\t\t\t\t\t\t\t\t\t<div class=\"elementor-gallery-item__overlay\"><\/div>\n\t\t\t\t\t\t\t\t\t\t\t\t\t\t<\/div>\n\t\t\t\t\t\t\t<div class=\"e-gallery-item elementor-gallery-item elementor-animated-content\">\n\t\t\t\t\t<div class=\"e-gallery-image elementor-gallery-item__image\" data-thumbnail=\"https:\/\/www.securipro-int.fr\/wp-content\/uploads\/2025\/04\/ICONE-STADE-ET-CONCERT.png\" data-width=\"281\" data-height=\"133\" aria-label=\"S\u00e9curit\u00e9 pour les \u00e9v\u00e9nements ayant lieu dans les stades ou pour les concerts\" role=\"img\" ><\/div>\n\t\t\t\t\t\t\t\t\t\t\t<div class=\"elementor-gallery-item__overlay\"><\/div>\n\t\t\t\t\t\t\t\t\t\t\t\t\t\t<\/div>\n\t\t\t\t\t\t\t<div class=\"e-gallery-item elementor-gallery-item elementor-animated-content\">\n\t\t\t\t\t<div class=\"e-gallery-image elementor-gallery-item__image\" data-thumbnail=\"https:\/\/www.securipro-int.fr\/wp-content\/uploads\/2025\/04\/ICONE-SALONS-EXPO.png\" data-width=\"281\" data-height=\"133\" aria-label=\"S\u00e9curit\u00e9 des salons et expos\" role=\"img\" ><\/div>\n\t\t\t\t\t\t\t\t\t\t\t<div class=\"elementor-gallery-item__overlay\"><\/div>\n\t\t\t\t\t\t\t\t\t\t\t\t\t\t<\/div>\n\t\t\t\t\t\t\t<div class=\"e-gallery-item elementor-gallery-item elementor-animated-content\">\n\t\t\t\t\t<div class=\"e-gallery-image elementor-gallery-item__image\" data-thumbnail=\"https:\/\/www.securipro-int.fr\/wp-content\/uploads\/2025\/04\/ICONE-PLATEAU-TELEVISION.png\" data-width=\"281\" data-height=\"133\" aria-label=\"S\u00e9curit\u00e9 sur les plateaux tv \" role=\"img\" ><\/div>\n\t\t\t\t\t\t\t\t\t\t\t<div class=\"elementor-gallery-item__overlay\"><\/div>\n\t\t\t\t\t\t\t\t\t\t\t\t\t\t<\/div>\n\t\t\t\t\t<\/div>\n\t\t\t\t\t<\/div>\n\t\t\t\t<\/div>\n\t\t\t\t\t<\/div>\n\t\t\t\t<\/div>\n\t\t\t\t<\/div>\n\t\t","protected":false},"excerpt":{"rendered":"<p>EVENT SECURITY Event security by Securipro International Securipro International is a security company specializing in event security, based in the Paris region. For over 15 years, we have been providing highly professional services covering all major aspects of security: protection, control, site security, crowd management, etc. Our job is to secure large-scale events of all [&hellip;]<\/p>\n","protected":false},"author":1,"featured_media":0,"parent":0,"menu_order":0,"comment_status":"closed","ping_status":"closed","template":"","meta":{"footnotes":""},"class_list":["post-1702","page","type-page","status-publish","hentry"],"yoast_head":"<!-- This site is optimized with the Yoast SEO plugin v27.6 - https:\/\/yoast.com\/product\/yoast-seo-wordpress\/ -->\n<title>Event security - Securipro<\/title>\n<meta name=\"robots\" content=\"index, follow, max-snippet:-1, max-image-preview:large, max-video-preview:-1\" \/>\n<link rel=\"canonical\" href=\"https:\/\/www.securipro-int.fr\/en\/event-security\/\" \/>\n<meta property=\"og:locale\" content=\"en_US\" \/>\n<meta property=\"og:type\" content=\"article\" \/>\n<meta property=\"og:title\" content=\"Event security - Securipro\" \/>\n<meta property=\"og:description\" content=\"EVENT SECURITY Event security by Securipro International Securipro International is a security company specializing in event security, based in the Paris region. For over 15 years, we have been providing highly professional services covering all major aspects of security: protection, control, site security, crowd management, etc. Our job is to secure large-scale events of all [&hellip;]\" \/>\n<meta property=\"og:url\" content=\"https:\/\/www.securipro-int.fr\/en\/event-security\/\" \/>\n<meta property=\"og:site_name\" content=\"Securipro\" \/>\n<meta property=\"article:modified_time\" content=\"2026-01-05T13:29:15+00:00\" \/>\n<meta name=\"twitter:card\" content=\"summary_large_image\" \/>\n<meta name=\"twitter:label1\" content=\"Est. reading time\" \/>\n\t<meta name=\"twitter:data1\" content=\"5 minutes\" \/>\n<script type=\"application\/ld+json\" class=\"yoast-schema-graph\">{\"@context\":\"https:\\\/\\\/schema.org\",\"@graph\":[{\"@type\":\"WebPage\",\"@id\":\"https:\\\/\\\/www.securipro-int.fr\\\/en\\\/event-security\\\/\",\"url\":\"https:\\\/\\\/www.securipro-int.fr\\\/en\\\/event-security\\\/\",\"name\":\"Event security - Securipro\",\"isPartOf\":{\"@id\":\"https:\\\/\\\/www.securipro-int.fr\\\/en\\\/#website\"},\"datePublished\":\"2024-07-12T06:17:39+00:00\",\"dateModified\":\"2026-01-05T13:29:15+00:00\",\"breadcrumb\":{\"@id\":\"https:\\\/\\\/www.securipro-int.fr\\\/en\\\/event-security\\\/#breadcrumb\"},\"inLanguage\":\"en-US\",\"potentialAction\":[{\"@type\":\"ReadAction\",\"target\":[\"https:\\\/\\\/www.securipro-int.fr\\\/en\\\/event-security\\\/\"]}]},{\"@type\":\"BreadcrumbList\",\"@id\":\"https:\\\/\\\/www.securipro-int.fr\\\/en\\\/event-security\\\/#breadcrumb\",\"itemListElement\":[{\"@type\":\"ListItem\",\"position\":1,\"name\":\"Accueil\",\"item\":\"https:\\\/\\\/www.securipro-int.fr\\\/en\\\/home\\\/\"},{\"@type\":\"ListItem\",\"position\":2,\"name\":\"Event security\"}]},{\"@type\":\"WebSite\",\"@id\":\"https:\\\/\\\/www.securipro-int.fr\\\/en\\\/#website\",\"url\":\"https:\\\/\\\/www.securipro-int.fr\\\/en\\\/\",\"name\":\"Securipro\",\"description\":\"\",\"publisher\":{\"@id\":\"https:\\\/\\\/www.securipro-int.fr\\\/en\\\/#organization\"},\"potentialAction\":[{\"@type\":\"SearchAction\",\"target\":{\"@type\":\"EntryPoint\",\"urlTemplate\":\"https:\\\/\\\/www.securipro-int.fr\\\/en\\\/?s={search_term_string}\"},\"query-input\":{\"@type\":\"PropertyValueSpecification\",\"valueRequired\":true,\"valueName\":\"search_term_string\"}}],\"inLanguage\":\"en-US\"},{\"@type\":\"Organization\",\"@id\":\"https:\\\/\\\/www.securipro-int.fr\\\/en\\\/#organization\",\"name\":\"Securipro\",\"url\":\"https:\\\/\\\/www.securipro-int.fr\\\/en\\\/\",\"logo\":{\"@type\":\"ImageObject\",\"inLanguage\":\"en-US\",\"@id\":\"https:\\\/\\\/www.securipro-int.fr\\\/en\\\/#\\\/schema\\\/logo\\\/image\\\/\",\"url\":\"https:\\\/\\\/www.securipro-int.fr\\\/wp-content\\\/uploads\\\/2024\\\/07\\\/logo.png\",\"contentUrl\":\"https:\\\/\\\/www.securipro-int.fr\\\/wp-content\\\/uploads\\\/2024\\\/07\\\/logo.png\",\"width\":338,\"height\":168,\"caption\":\"Securipro\"},\"image\":{\"@id\":\"https:\\\/\\\/www.securipro-int.fr\\\/en\\\/#\\\/schema\\\/logo\\\/image\\\/\"}}]}<\/script>\n<!-- \/ Yoast SEO plugin. -->","yoast_head_json":{"title":"Event security - Securipro","robots":{"index":"index","follow":"follow","max-snippet":"max-snippet:-1","max-image-preview":"max-image-preview:large","max-video-preview":"max-video-preview:-1"},"canonical":"https:\/\/www.securipro-int.fr\/en\/event-security\/","og_locale":"en_US","og_type":"article","og_title":"Event security - Securipro","og_description":"EVENT SECURITY Event security by Securipro International Securipro International is a security company specializing in event security, based in the Paris region. For over 15 years, we have been providing highly professional services covering all major aspects of security: protection, control, site security, crowd management, etc. Our job is to secure large-scale events of all [&hellip;]","og_url":"https:\/\/www.securipro-int.fr\/en\/event-security\/","og_site_name":"Securipro","article_modified_time":"2026-01-05T13:29:15+00:00","twitter_card":"summary_large_image","twitter_misc":{"Est. reading time":"5 minutes"},"schema":{"@context":"https:\/\/schema.org","@graph":[{"@type":"WebPage","@id":"https:\/\/www.securipro-int.fr\/en\/event-security\/","url":"https:\/\/www.securipro-int.fr\/en\/event-security\/","name":"Event security - Securipro","isPartOf":{"@id":"https:\/\/www.securipro-int.fr\/en\/#website"},"datePublished":"2024-07-12T06:17:39+00:00","dateModified":"2026-01-05T13:29:15+00:00","breadcrumb":{"@id":"https:\/\/www.securipro-int.fr\/en\/event-security\/#breadcrumb"},"inLanguage":"en-US","potentialAction":[{"@type":"ReadAction","target":["https:\/\/www.securipro-int.fr\/en\/event-security\/"]}]},{"@type":"BreadcrumbList","@id":"https:\/\/www.securipro-int.fr\/en\/event-security\/#breadcrumb","itemListElement":[{"@type":"ListItem","position":1,"name":"Accueil","item":"https:\/\/www.securipro-int.fr\/en\/home\/"},{"@type":"ListItem","position":2,"name":"Event security"}]},{"@type":"WebSite","@id":"https:\/\/www.securipro-int.fr\/en\/#website","url":"https:\/\/www.securipro-int.fr\/en\/","name":"Securipro","description":"","publisher":{"@id":"https:\/\/www.securipro-int.fr\/en\/#organization"},"potentialAction":[{"@type":"SearchAction","target":{"@type":"EntryPoint","urlTemplate":"https:\/\/www.securipro-int.fr\/en\/?s={search_term_string}"},"query-input":{"@type":"PropertyValueSpecification","valueRequired":true,"valueName":"search_term_string"}}],"inLanguage":"en-US"},{"@type":"Organization","@id":"https:\/\/www.securipro-int.fr\/en\/#organization","name":"Securipro","url":"https:\/\/www.securipro-int.fr\/en\/","logo":{"@type":"ImageObject","inLanguage":"en-US","@id":"https:\/\/www.securipro-int.fr\/en\/#\/schema\/logo\/image\/","url":"https:\/\/www.securipro-int.fr\/wp-content\/uploads\/2024\/07\/logo.png","contentUrl":"https:\/\/www.securipro-int.fr\/wp-content\/uploads\/2024\/07\/logo.png","width":338,"height":168,"caption":"Securipro"},"image":{"@id":"https:\/\/www.securipro-int.fr\/en\/#\/schema\/logo\/image\/"}}]}},"_links":{"self":[{"href":"https:\/\/www.securipro-int.fr\/en\/wp-json\/wp\/v2\/pages\/1702","targetHints":{"allow":["GET"]}}],"collection":[{"href":"https:\/\/www.securipro-int.fr\/en\/wp-json\/wp\/v2\/pages"}],"about":[{"href":"https:\/\/www.securipro-int.fr\/en\/wp-json\/wp\/v2\/types\/page"}],"author":[{"embeddable":true,"href":"https:\/\/www.securipro-int.fr\/en\/wp-json\/wp\/v2\/users\/1"}],"replies":[{"embeddable":true,"href":"https:\/\/www.securipro-int.fr\/en\/wp-json\/wp\/v2\/comments?post=1702"}],"version-history":[{"count":1,"href":"https:\/\/www.securipro-int.fr\/en\/wp-json\/wp\/v2\/pages\/1702\/revisions"}],"predecessor-version":[{"id":1708,"href":"https:\/\/www.securipro-int.fr\/en\/wp-json\/wp\/v2\/pages\/1702\/revisions\/1708"}],"wp:attachment":[{"href":"https:\/\/www.securipro-int.fr\/en\/wp-json\/wp\/v2\/media?parent=1702"}],"curies":[{"name":"wp","href":"https:\/\/api.w.org\/{rel}","templated":true}]}}